{"id":39,"date":"2023-10-18T20:38:36","date_gmt":"2023-10-19T02:38:36","guid":{"rendered":"https:\/\/veterinariaelarcadenoe.arielrodriguez.es\/?page_id=39"},"modified":"2023-10-25T09:18:50","modified_gmt":"2023-10-25T15:18:50","slug":"nuestra-prioridad-son-tus-amigos-peludos","status":"publish","type":"page","link":"https:\/\/veterinariaelarcadenoe.arielrodriguez.es\/","title":{"rendered":"Inicio"},"content":{"rendered":"\n[et_pb_section fb_built=\u00bb1&#8243; _builder_version=\u00bb4.16&#8243; _module_preset=\u00bbdefault\u00bb global_colors_info=\u00bb{}\u00bb][et_pb_row _builder_version=\u00bb4.16&#8243; _module_preset=\u00bbdefault\u00bb background_image=\u00bbhttps:\/\/veterinariaelarcadenoe.arielrodriguez.es\/wp-content\/uploads\/2023\/10\/cows.jpg\u00bb parallax=\u00bbon\u00bb width=\u00bb100%\u00bb max_width=\u00bb1600px\u00bb module_alignment=\u00bbcenter\u00bb min_height=\u00bb550px\u00bb custom_margin=\u00bb-54px||||false|false\u00bb global_colors_info=\u00bb{}\u00bb][et_pb_column type=\u00bb4_4&#8243; _builder_version=\u00bb4.16&#8243; _module_preset=\u00bbdefault\u00bb global_colors_info=\u00bb{}\u00bb][et_pb_text _builder_version=\u00bb4.22.2&#8243; _module_preset=\u00bbdefault\u00bb text_font=\u00bbAclonica|600|on||||||\u00bb text_text_color=\u00bb#FFFFFF\u00bb text_font_size=\u00bb20px\u00bb text_orientation=\u00bbcenter\u00bb text_text_shadow_style=\u00bbpreset1&#8243; text_text_shadow_color=\u00bb#000000&#8243; global_colors_info=\u00bb{}\u00bb]<p>Nuestra prioridad son tus amigos peludos.<\/p>[\/et_pb_text][\/et_pb_column][\/et_pb_row][et_pb_row column_structure=\u00bb1_2,1_2&#8243; _builder_version=\u00bb4.16&#8243; _module_preset=\u00bbdefault\u00bb width=\u00bb100%\u00bb max_width=\u00bb1428px\u00bb global_colors_info=\u00bb{}\u00bb][et_pb_column type=\u00bb1_2&#8243; _builder_version=\u00bb4.16&#8243; _module_preset=\u00bbdefault\u00bb global_colors_info=\u00bb{}\u00bb][et_pb_text module_id=\u00bbquienesSomos\u00bb _builder_version=\u00bb4.22.2&#8243; _module_preset=\u00bbdefault\u00bb text_text_color=\u00bb#000000&#8243; text_font_size=\u00bb50px\u00bb custom_margin=\u00bb20px|||115px|false|false\u00bb text_text_shadow_style=\u00bbpreset2&#8243; text_text_shadow_blur_strength=\u00bb0.18em\u00bb text_text_shadow_color=\u00bb#000000&#8243; global_colors_info=\u00bb{}\u00bb]<p>QUIENES SOMOS!<\/p>[\/et_pb_text][et_pb_image src=\u00bbhttps:\/\/veterinariaelarcadenoe.arielrodriguez.es\/wp-content\/uploads\/2023\/10\/Equipo-Clinica-Veterinaria-Ejea-1-480&#215;300-1.jpeg\u00bb title_text=\u00bbEquipo-Clinica-Veterinaria-Ejea-1-480&#215;300&#8243; show_bottom_space=\u00bboff\u00bb _builder_version=\u00bb4.16&#8243; _module_preset=\u00bbdefault\u00bb min_height=\u00bb370px\u00bb custom_margin=\u00bb83px|||43px|false|false\u00bb custom_padding=\u00bb0px||0px||false|false\u00bb global_colors_info=\u00bb{}\u00bb][\/et_pb_image][\/et_pb_column][et_pb_column type=\u00bb1_2&#8243; _builder_version=\u00bb4.16&#8243; _module_preset=\u00bbdefault\u00bb global_colors_info=\u00bb{}\u00bb][et_pb_text _builder_version=\u00bb4.16&#8243; _module_preset=\u00bbdefault\u00bb text_text_color=\u00bb#000000&#8243; text_font_size=\u00bb15px\u00bb text_line_height=\u00bb1.8em\u00bb custom_padding=\u00bb|50px||0px|false|false\u00bb global_colors_info=\u00bb{}\u00bb]<p>Nuestra prioridad \u00a0son tus amigos peludos en \u00abEl Arca de No\u00e9\u00bb. Nuestro equipo de profesionales altamente capacitados est\u00e1 dedicado a brindar la mejor atenci\u00f3n y cuidado a tus fieles amigos de cuatro patas. Con una amplia experiencia en medicina veterinaria, cirug\u00eda y servicios de bienestar, estamos aqu\u00ed para garantizar que tus mascotas gocen de una vida saludable y feliz.<\/p>\n<p>En \u00abEl Arca de No\u00e9,\u00bb comprendemos la importancia de tus mascotas en tu vida y nos esforzamos por ofrecer servicios de alta calidad que reflejen nuestro compromiso con su salud y felicidad. Nuestra cl\u00ednica est\u00e1 equipada con tecnolog\u00eda de vanguardia para diagn\u00f3stico y tratamiento, y nos enorgullece ofrecer una amplia gama de servicios que incluyen consultas m\u00e9dicas, cirug\u00eda, vacunaci\u00f3n, an\u00e1lisis de laboratorio, radiolog\u00eda y mucho m\u00e1s.<\/p>\n<p>Nuestra pasi\u00f3n por los animales nos impulsa a ir m\u00e1s all\u00e1 para garantizar que tus amigos peludos reciban el mejor cuidado posible. En \u00abEl Arca de No\u00e9,\u00bb tratamos a cada mascota con el cari\u00f1o y la atenci\u00f3n que se merecen, brindando soluciones de salud personalizadas para satisfacer sus necesidades individuales.<\/p>\n<p>Estamos encantados de formar parte de tu viaje junto a tus mascotas y esperamos verte en nuestra cl\u00ednica para brindarles el apoyo que merecen. Juntos, trabajaremos para mantener a tus amigos peludos felices y saludables durante toda su vida. \u00a1Conf\u00eda en nosotros para cuidar a tus seres queridos de cuatro patas!<\/p>[\/et_pb_text][\/et_pb_column][\/et_pb_row][et_pb_row _builder_version=\u00bb4.22.2&#8243; _module_preset=\u00bbdefault\u00bb background_color=\u00bbrgba(137,154,229,0.16)\u00bb width=\u00bb100%\u00bb max_width=\u00bb1600px\u00bb module_alignment=\u00bbcenter\u00bb custom_padding=\u00bb30px|0px|0px|0px|false|true\u00bb global_colors_info=\u00bb{}\u00bb][et_pb_column type=\u00bb4_4&#8243; _builder_version=\u00bb4.22.2&#8243; _module_preset=\u00bbdefault\u00bb custom_padding=\u00bb|30px||30px|false|true\u00bb global_colors_info=\u00bb{}\u00bb][et_pb_text module_id=\u00bbservicios\u00bb _builder_version=\u00bb4.22.2&#8243; _module_preset=\u00bbdefault\u00bb text_font=\u00bbAldrich|600|||||||\u00bb text_text_color=\u00bb#000000&#8243; text_font_size=\u00bb28px\u00bb text_orientation=\u00bbcenter\u00bb text_text_shadow_style=\u00bbpreset1&#8243; global_colors_info=\u00bb{}\u00bb]<p>NUESTROS SERVICIOS<\/p>[\/et_pb_text][dsm_card_carousel centered_slides=\u00bbon\u00bb pause_on_hover=\u00bbon\u00bb arrow_position=\u00bbinside\u00bb arrow_color=\u00bb#000000&#8243; image_width=\u00bb70%\u00bb image_alignment=\u00bbcenter\u00bb _builder_version=\u00bb4.22.2&#8243; _module_preset=\u00bbdefault\u00bb body_text_align=\u00bbleft\u00bb global_colors_info=\u00bb{}\u00bb][dsm_card_carousel_child title=\u00bbConsultas Veterinarias:\u00bb image=\u00bbhttps:\/\/veterinariaelarcadenoe.arielrodriguez.es\/wp-content\/uploads\/2023\/10\/Consultas-veterinarias.png\u00bb image_alignment=\u00bbcenter\u00bb button_url_new_window=\u00bb1&#8243; _builder_version=\u00bb4.22.2&#8243; _module_preset=\u00bbdefault\u00bb custom_margin=\u00bb|0px||0px|false|true\u00bb global_colors_info=\u00bb{}\u00bb parent_button=\u00bboff\u00bb parent_header_level=\u00bbh4&#8243;]<p>&nbsp;<\/p>\n<ul>\n<li><strong>Ex\u00e1menes F\u00edsicos Detallados<\/strong>: Durante las consultas veterinarias, nuestros profesionales realizar\u00e1n ex\u00e1menes f\u00edsicos minuciosos de tus mascotas. Esto implica revisar ojos, o\u00eddos, boca, piel, pelaje, pulso, temperatura y m\u00e1s para evaluar su estado de salud general, porque somos minuciosos en nuestra labor.<\/li>\n<li><strong>Historia Cl\u00ednica<\/strong>: Llevaremos un registro de la historia cl\u00ednica de tus mascotas, lo que nos permite hacer un seguimiento de su salud a lo largo del tiempo y detectar cualquier cambio o problema de salud potencial.<\/li>\n<li><strong>Asesoramiento Personalizado<\/strong>: Nuestros veterinarios te ofrecer\u00e1n orientaci\u00f3n sobre la dieta, el ejercicio y otros aspectos del cuidado de tus mascotas, y responder\u00e1n a tus preguntas y preocupaciones porque nuestra prioridad son tus amigos peludos<\/li>\n<\/ul>[\/dsm_card_carousel_child][dsm_card_carousel_child title=\u00bbVacunaci\u00f3n de Mascotas:\u00bb image=\u00bbhttps:\/\/veterinariaelarcadenoe.arielrodriguez.es\/wp-content\/uploads\/2023\/10\/vacunacion.png\u00bb button_url_new_window=\u00bb1&#8243; _builder_version=\u00bb4.22.2&#8243; _module_preset=\u00bbdefault\u00bb custom_margin=\u00bb|0px||0px|false|true\u00bb global_colors_info=\u00bb{}\u00bb parent_button=\u00bboff\u00bb parent_header_level=\u00bbh4&#8243;]<p>&nbsp;<\/p>\n<ul>\n<li><strong>Programas de Vacunaci\u00f3n Personalizados<\/strong>: Dise\u00f1aremos un programa de vacunaci\u00f3n espec\u00edfico para las necesidades de cada mascota. Esto puede incluir vacunas esenciales como las de la rabia, parvovirosis, moquillo y otras, adem\u00e1s de vacunas recomendadas seg\u00fan su estilo de vida y riesgos.<\/li>\n<li><strong>Prevenci\u00f3n de Enfermedades<\/strong>: La vacunaci\u00f3n es fundamental para prevenir enfermedades contagiosas y potencialmente mortales. Protegeremos a tus mascotas contra pat\u00f3genos da\u00f1inos y reduciremos los riesgos de enfermedad.<\/li>\n<\/ul>[\/dsm_card_carousel_child][dsm_card_carousel_child title=\u00bbCirug\u00eda Veterinaria:\u00bb image=\u00bbhttps:\/\/veterinariaelarcadenoe.arielrodriguez.es\/wp-content\/uploads\/2023\/10\/cirugia-general.jpg\u00bb button_url_new_window=\u00bb1&#8243; _builder_version=\u00bb4.22.2&#8243; _module_preset=\u00bbdefault\u00bb custom_margin=\u00bb|0px||0px|false|true\u00bb global_colors_info=\u00bb{}\u00bb parent_button=\u00bboff\u00bb parent_header_level=\u00bbh4&#8243;]<p>&nbsp;<\/p>\n<ul>\n<li><strong>Esterilizaci\u00f3n y Castraci\u00f3n<\/strong>: Realizamos procedimientos de esterilizaci\u00f3n y castraci\u00f3n, que no solo ayudan a controlar la poblaci\u00f3n de animales, sino que tambi\u00e9n pueden tener beneficios para la salud y el comportamiento de tus mascotas a causa de diferentes males.<\/li>\n<li><strong>Cirug\u00eda de Emergencia<\/strong>: Estamos preparados para abordar situaciones de emergencia, como cirug\u00edas para el tratamiento de heridas graves, obstrucciones digestivas o complicaciones en el parto.<\/li>\n<li><strong>Cuidado Postoperatorio<\/strong>: Despu\u00e9s de la cirug\u00eda, brindamos un cuidado postoperatorio atento y seguimiento para garantizar una recuperaci\u00f3n exitosa, porque brindamos un servico completo.<\/li>\n<\/ul>[\/dsm_card_carousel_child][\/dsm_card_carousel][\/et_pb_column][\/et_pb_row][et_pb_row _builder_version=\u00bb4.22.2&#8243; _module_preset=\u00bbdefault\u00bb width=\u00bb100%\u00bb max_width=\u00bb1200px\u00bb global_colors_info=\u00bb{}\u00bb][et_pb_column type=\u00bb4_4&#8243; _builder_version=\u00bb4.22.2&#8243; _module_preset=\u00bbdefault\u00bb global_colors_info=\u00bb{}\u00bb][et_pb_text module_id=\u00bbgaleria\u00bb _builder_version=\u00bb4.22.2&#8243; _module_preset=\u00bbdefault\u00bb text_font=\u00bbAldrich|600|||||||\u00bb text_text_color=\u00bb#000000&#8243; text_font_size=\u00bb26px\u00bb text_orientation=\u00bbcenter\u00bb text_text_shadow_style=\u00bbpreset1&#8243; global_colors_info=\u00bb{}\u00bb]<p>NUESTRAS FOTOS<\/p>[\/et_pb_text][dsm_filterable_gallery gallery_ids=\u00bb181,182,183,184,185,186,187,188,189,190,191,192,193,194,195,153,152,151,112,79&#8243; dsm_number_of_columns=\u00bb4&#8243; dsm_show_description=\u00bbon\u00bb _builder_version=\u00bb4.22.2&#8243; _module_preset=\u00bbdefault\u00bb global_colors_info=\u00bb{}\u00bb][\/dsm_filterable_gallery][\/et_pb_column][\/et_pb_row][\/et_pb_section]\n","protected":false},"excerpt":{"rendered":"<p>Nuestra prioridad son tus amigos peludos.QUIENES SOMOS!Nuestra prioridad \u00a0son tus amigos peludos en \u00abEl Arca de No\u00e9\u00bb. Nuestro equipo de profesionales altamente capacitados est\u00e1 dedicado a brindar la mejor atenci\u00f3n y cuidado a tus fieles amigos de cuatro patas. Con una amplia experiencia en medicina veterinaria, cirug\u00eda y servicios de bienestar, estamos aqu\u00ed para garantizar [&hellip;]<\/p>\n","protected":false},"author":1,"featured_media":0,"parent":0,"menu_order":0,"comment_status":"closed","ping_status":"closed","template":"","meta":{"_et_pb_use_builder":"on","_et_pb_old_content":"","_et_gb_content_width":"","footnotes":""},"yoast_head":"<!-- This site is optimized with the Yoast SEO plugin v21.4 - https:\/\/yoast.com\/wordpress\/plugins\/seo\/ -->\n<title>Nuestra prioridad son tus amigos peludos<\/title>\n<meta name=\"description\" content=\"Nos dedicamos a cuidar y proteger a tus queridas mascotas, la confianza y el bienestar de tus amigos peludos son nuestra prioridad\" \/>\n<meta name=\"robots\" content=\"index, follow, max-snippet:-1, max-image-preview:large, max-video-preview:-1\" \/>\n<link rel=\"canonical\" href=\"https:\/\/veterinariaelarcadenoe.arielrodriguez.es\/\" \/>\n<meta property=\"og:locale\" content=\"es_ES\" \/>\n<meta property=\"og:type\" content=\"article\" \/>\n<meta property=\"og:title\" content=\"Tus amigos peludos son nuestra prioridad\" \/>\n<meta property=\"og:description\" content=\"Juntos, aseguramos una vida larga y saludable para tus mascotas.\" \/>\n<meta property=\"og:url\" content=\"https:\/\/veterinariaelarcadenoe.arielrodriguez.es\/\" \/>\n<meta property=\"og:site_name\" content=\"veterinaria el arca de noe\" \/>\n<meta property=\"article:modified_time\" content=\"2023-10-25T15:18:50+00:00\" \/>\n<meta property=\"og:image\" content=\"https:\/\/veterinariaelarcadenoe.arielrodriguez.es\/wp-content\/uploads\/2023\/10\/cropped-header11-1.png\" \/>\n\t<meta property=\"og:image:width\" content=\"512\" \/>\n\t<meta property=\"og:image:height\" content=\"512\" \/>\n\t<meta property=\"og:image:type\" content=\"image\/png\" \/>\n<meta name=\"twitter:card\" content=\"summary_large_image\" \/>\n<meta name=\"twitter:label1\" content=\"Tiempo de lectura\" \/>\n\t<meta name=\"twitter:data1\" content=\"4 minutos\" \/>\n<script type=\"application\/ld+json\" class=\"yoast-schema-graph\">{\"@context\":\"https:\/\/schema.org\",\"@graph\":[{\"@type\":[\"WebPage\",\"MedicalWebPage\"],\"@id\":\"https:\/\/veterinariaelarcadenoe.arielrodriguez.es\/\",\"url\":\"https:\/\/veterinariaelarcadenoe.arielrodriguez.es\/\",\"name\":\"Nuestra prioridad son tus amigos peludos\",\"isPartOf\":{\"@id\":\"https:\/\/veterinariaelarcadenoe.arielrodriguez.es\/#website\"},\"datePublished\":\"2023-10-19T02:38:36+00:00\",\"dateModified\":\"2023-10-25T15:18:50+00:00\",\"description\":\"Nos dedicamos a cuidar y proteger a tus queridas mascotas, la confianza y el bienestar de tus amigos peludos son nuestra prioridad\",\"breadcrumb\":{\"@id\":\"https:\/\/veterinariaelarcadenoe.arielrodriguez.es\/#breadcrumb\"},\"inLanguage\":\"es\",\"potentialAction\":[{\"@type\":\"ReadAction\",\"target\":[\"https:\/\/veterinariaelarcadenoe.arielrodriguez.es\/\"]}]},{\"@type\":\"BreadcrumbList\",\"@id\":\"https:\/\/veterinariaelarcadenoe.arielrodriguez.es\/#breadcrumb\",\"itemListElement\":[{\"@type\":\"ListItem\",\"position\":1,\"name\":\"Portada\",\"item\":\"https:\/\/veterinariaelarcadenoe.arielrodriguez.es\/\"},{\"@type\":\"ListItem\",\"position\":2,\"name\":\"Inicio\"}]},{\"@type\":\"WebSite\",\"@id\":\"https:\/\/veterinariaelarcadenoe.arielrodriguez.es\/#website\",\"url\":\"https:\/\/veterinariaelarcadenoe.arielrodriguez.es\/\",\"name\":\"veterinaria el arca de noe\",\"description\":\"&quot;En &#039;El Arca de No\u00e9&#039;, nos dedicamos a cuidar y proteger a tus queridas mascotas. Ofrecemos consultas veterinarias expertas, vacunaci\u00f3n precisa y cirug\u00eda de calidad. Tu confianza y el bienestar de tus amigos peludos son nuestra prioridad. Juntos, aseguramos una vida larga y saludable para tus mascotas.&quot;\",\"publisher\":{\"@id\":\"https:\/\/veterinariaelarcadenoe.arielrodriguez.es\/#organization\"},\"potentialAction\":[{\"@type\":\"SearchAction\",\"target\":{\"@type\":\"EntryPoint\",\"urlTemplate\":\"https:\/\/veterinariaelarcadenoe.arielrodriguez.es\/?s={search_term_string}\"},\"query-input\":\"required name=search_term_string\"}],\"inLanguage\":\"es\"},{\"@type\":\"Organization\",\"@id\":\"https:\/\/veterinariaelarcadenoe.arielrodriguez.es\/#organization\",\"name\":\"veterinaria el arca de noe\",\"alternateName\":\"veterinaria el arca de noe\",\"url\":\"https:\/\/veterinariaelarcadenoe.arielrodriguez.es\/\",\"logo\":{\"@type\":\"ImageObject\",\"inLanguage\":\"es\",\"@id\":\"https:\/\/veterinariaelarcadenoe.arielrodriguez.es\/#\/schema\/logo\/image\/\",\"url\":\"https:\/\/veterinariaelarcadenoe.arielrodriguez.es\/wp-content\/uploads\/2023\/10\/cropped-header11-1.png\",\"contentUrl\":\"https:\/\/veterinariaelarcadenoe.arielrodriguez.es\/wp-content\/uploads\/2023\/10\/cropped-header11-1.png\",\"width\":512,\"height\":512,\"caption\":\"veterinaria el arca de noe\"},\"image\":{\"@id\":\"https:\/\/veterinariaelarcadenoe.arielrodriguez.es\/#\/schema\/logo\/image\/\"}}]}<\/script>\n<!-- \/ Yoast SEO plugin. -->","yoast_head_json":{"title":"Nuestra prioridad son tus amigos peludos","description":"Nos dedicamos a cuidar y proteger a tus queridas mascotas, la confianza y el bienestar de tus amigos peludos son nuestra prioridad","robots":{"index":"index","follow":"follow","max-snippet":"max-snippet:-1","max-image-preview":"max-image-preview:large","max-video-preview":"max-video-preview:-1"},"canonical":"https:\/\/veterinariaelarcadenoe.arielrodriguez.es\/","og_locale":"es_ES","og_type":"article","og_title":"Tus amigos peludos son nuestra prioridad","og_description":"Juntos, aseguramos una vida larga y saludable para tus mascotas.","og_url":"https:\/\/veterinariaelarcadenoe.arielrodriguez.es\/","og_site_name":"veterinaria el arca de noe","article_modified_time":"2023-10-25T15:18:50+00:00","og_image":[{"width":512,"height":512,"url":"https:\/\/veterinariaelarcadenoe.arielrodriguez.es\/wp-content\/uploads\/2023\/10\/cropped-header11-1.png","type":"image\/png"}],"twitter_card":"summary_large_image","twitter_misc":{"Tiempo de lectura":"4 minutos"},"schema":{"@context":"https:\/\/schema.org","@graph":[{"@type":["WebPage","MedicalWebPage"],"@id":"https:\/\/veterinariaelarcadenoe.arielrodriguez.es\/","url":"https:\/\/veterinariaelarcadenoe.arielrodriguez.es\/","name":"Nuestra prioridad son tus amigos peludos","isPartOf":{"@id":"https:\/\/veterinariaelarcadenoe.arielrodriguez.es\/#website"},"datePublished":"2023-10-19T02:38:36+00:00","dateModified":"2023-10-25T15:18:50+00:00","description":"Nos dedicamos a cuidar y proteger a tus queridas mascotas, la confianza y el bienestar de tus amigos peludos son nuestra prioridad","breadcrumb":{"@id":"https:\/\/veterinariaelarcadenoe.arielrodriguez.es\/#breadcrumb"},"inLanguage":"es","potentialAction":[{"@type":"ReadAction","target":["https:\/\/veterinariaelarcadenoe.arielrodriguez.es\/"]}]},{"@type":"BreadcrumbList","@id":"https:\/\/veterinariaelarcadenoe.arielrodriguez.es\/#breadcrumb","itemListElement":[{"@type":"ListItem","position":1,"name":"Portada","item":"https:\/\/veterinariaelarcadenoe.arielrodriguez.es\/"},{"@type":"ListItem","position":2,"name":"Inicio"}]},{"@type":"WebSite","@id":"https:\/\/veterinariaelarcadenoe.arielrodriguez.es\/#website","url":"https:\/\/veterinariaelarcadenoe.arielrodriguez.es\/","name":"veterinaria el arca de noe","description":"&quot;En &#039;El Arca de No\u00e9&#039;, nos dedicamos a cuidar y proteger a tus queridas mascotas. Ofrecemos consultas veterinarias expertas, vacunaci\u00f3n precisa y cirug\u00eda de calidad. Tu confianza y el bienestar de tus amigos peludos son nuestra prioridad. Juntos, aseguramos una vida larga y saludable para tus mascotas.&quot;","publisher":{"@id":"https:\/\/veterinariaelarcadenoe.arielrodriguez.es\/#organization"},"potentialAction":[{"@type":"SearchAction","target":{"@type":"EntryPoint","urlTemplate":"https:\/\/veterinariaelarcadenoe.arielrodriguez.es\/?s={search_term_string}"},"query-input":"required name=search_term_string"}],"inLanguage":"es"},{"@type":"Organization","@id":"https:\/\/veterinariaelarcadenoe.arielrodriguez.es\/#organization","name":"veterinaria el arca de noe","alternateName":"veterinaria el arca de noe","url":"https:\/\/veterinariaelarcadenoe.arielrodriguez.es\/","logo":{"@type":"ImageObject","inLanguage":"es","@id":"https:\/\/veterinariaelarcadenoe.arielrodriguez.es\/#\/schema\/logo\/image\/","url":"https:\/\/veterinariaelarcadenoe.arielrodriguez.es\/wp-content\/uploads\/2023\/10\/cropped-header11-1.png","contentUrl":"https:\/\/veterinariaelarcadenoe.arielrodriguez.es\/wp-content\/uploads\/2023\/10\/cropped-header11-1.png","width":512,"height":512,"caption":"veterinaria el arca de noe"},"image":{"@id":"https:\/\/veterinariaelarcadenoe.arielrodriguez.es\/#\/schema\/logo\/image\/"}}]}},"_links":{"self":[{"href":"https:\/\/veterinariaelarcadenoe.arielrodriguez.es\/index.php\/wp-json\/wp\/v2\/pages\/39"}],"collection":[{"href":"https:\/\/veterinariaelarcadenoe.arielrodriguez.es\/index.php\/wp-json\/wp\/v2\/pages"}],"about":[{"href":"https:\/\/veterinariaelarcadenoe.arielrodriguez.es\/index.php\/wp-json\/wp\/v2\/types\/page"}],"author":[{"embeddable":true,"href":"https:\/\/veterinariaelarcadenoe.arielrodriguez.es\/index.php\/wp-json\/wp\/v2\/users\/1"}],"replies":[{"embeddable":true,"href":"https:\/\/veterinariaelarcadenoe.arielrodriguez.es\/index.php\/wp-json\/wp\/v2\/comments?post=39"}],"version-history":[{"count":47,"href":"https:\/\/veterinariaelarcadenoe.arielrodriguez.es\/index.php\/wp-json\/wp\/v2\/pages\/39\/revisions"}],"predecessor-version":[{"id":253,"href":"https:\/\/veterinariaelarcadenoe.arielrodriguez.es\/index.php\/wp-json\/wp\/v2\/pages\/39\/revisions\/253"}],"wp:attachment":[{"href":"https:\/\/veterinariaelarcadenoe.arielrodriguez.es\/index.php\/wp-json\/wp\/v2\/media?parent=39"}],"curies":[{"name":"wp","href":"https:\/\/api.w.org\/{rel}","templated":true}]}}