{"id":247,"date":"2023-10-25T08:59:57","date_gmt":"2023-10-25T14:59:57","guid":{"rendered":"https:\/\/veterinariaelarcadenoe.arielrodriguez.es\/?page_id=247"},"modified":"2023-10-25T09:08:05","modified_gmt":"2023-10-25T15:08:05","slug":"247-2","status":"publish","type":"page","link":"https:\/\/veterinariaelarcadenoe.arielrodriguez.es\/index.php\/247-2\/","title":{"rendered":"Foto"},"content":{"rendered":"<p>[et_pb_section fb_built=\u00bb1&#8243; theme_builder_area=\u00bbpost_content\u00bb _builder_version=\u00bb4.22.2&#8243; _module_preset=\u00bbdefault\u00bb][et_pb_row _builder_version=\u00bb4.22.2&#8243; _module_preset=\u00bbdefault\u00bb theme_builder_area=\u00bbpost_content\u00bb][et_pb_column _builder_version=\u00bb4.22.2&#8243; _module_preset=\u00bbdefault\u00bb type=\u00bb4_4&#8243; theme_builder_area=\u00bbpost_content\u00bb][et_pb_image src=\u00bbhttps:\/\/veterinariaelarcadenoe.arielrodriguez.es\/wp-content\/uploads\/2023\/10\/vet-14.jpeg\u00bb _builder_version=\u00bb4.22.2&#8243; _module_preset=\u00bbdefault\u00bb theme_builder_area=\u00bbpost_content\u00bb alt=\u00bbOdontologia\u00bb title_text=\u00bbOdontologia canina\u00bb hover_enabled=\u00bb0&#8243; sticky_enabled=\u00bb0&#8243;][\/et_pb_image][\/et_pb_column][\/et_pb_row][\/et_pb_section]<\/p>\n","protected":false},"excerpt":{"rendered":"","protected":false},"author":1,"featured_media":0,"parent":0,"menu_order":0,"comment_status":"closed","ping_status":"closed","template":"","meta":{"_et_pb_use_builder":"on","_et_pb_old_content":"","_et_gb_content_width":"","footnotes":""},"yoast_head":"<!-- This site is optimized with the Yoast SEO plugin v21.4 - https:\/\/yoast.com\/wordpress\/plugins\/seo\/ -->\n<title>Nuestra prioridad son tus amigos peludos<\/title>\n<meta name=\"description\" content=\"Nos dedicamos a cuidar y proteger a tus queridas mascotas, la confianza y el bienestar de tus amigos peludos son nuestra prioridad\" \/>\n<meta name=\"robots\" content=\"index, follow, max-snippet:-1, max-image-preview:large, max-video-preview:-1\" \/>\n<link rel=\"canonical\" href=\"https:\/\/veterinariaelarcadenoe.arielrodriguez.es\/index.php\/247-2\/\" \/>\n<meta property=\"og:locale\" content=\"es_ES\" \/>\n<meta property=\"og:type\" content=\"article\" \/>\n<meta property=\"og:title\" content=\"Nuestra prioridad son tus amigos peludos\" \/>\n<meta property=\"og:description\" content=\"Nos dedicamos a cuidar y proteger a tus queridas mascotas, la confianza y el bienestar de tus amigos peludos son nuestra prioridad\" \/>\n<meta property=\"og:url\" content=\"https:\/\/veterinariaelarcadenoe.arielrodriguez.es\/index.php\/247-2\/\" \/>\n<meta property=\"og:site_name\" content=\"veterinaria el arca de noe\" \/>\n<meta property=\"article:modified_time\" content=\"2023-10-25T15:08:05+00:00\" \/>\n<meta property=\"og:image\" content=\"https:\/\/veterinariaelarcadenoe.arielrodriguez.es\/wp-content\/uploads\/2023\/10\/cropped-header11-1.png\" \/>\n\t<meta property=\"og:image:width\" content=\"512\" \/>\n\t<meta property=\"og:image:height\" content=\"512\" \/>\n\t<meta property=\"og:image:type\" content=\"image\/png\" \/>\n<meta name=\"twitter:card\" content=\"summary_large_image\" \/>\n<script type=\"application\/ld+json\" class=\"yoast-schema-graph\">{\"@context\":\"https:\/\/schema.org\",\"@graph\":[{\"@type\":[\"WebPage\",\"MedicalWebPage\"],\"@id\":\"https:\/\/veterinariaelarcadenoe.arielrodriguez.es\/index.php\/247-2\/\",\"url\":\"https:\/\/veterinariaelarcadenoe.arielrodriguez.es\/index.php\/247-2\/\",\"name\":\"Nuestra prioridad son tus amigos peludos\",\"isPartOf\":{\"@id\":\"https:\/\/veterinariaelarcadenoe.arielrodriguez.es\/#website\"},\"datePublished\":\"2023-10-25T14:59:57+00:00\",\"dateModified\":\"2023-10-25T15:08:05+00:00\",\"description\":\"Nos dedicamos a cuidar y proteger a tus queridas mascotas, la confianza y el bienestar de tus amigos peludos son nuestra prioridad\",\"breadcrumb\":{\"@id\":\"https:\/\/veterinariaelarcadenoe.arielrodriguez.es\/index.php\/247-2\/#breadcrumb\"},\"inLanguage\":\"es\",\"potentialAction\":[{\"@type\":\"ReadAction\",\"target\":[\"https:\/\/veterinariaelarcadenoe.arielrodriguez.es\/index.php\/247-2\/\"]}]},{\"@type\":\"BreadcrumbList\",\"@id\":\"https:\/\/veterinariaelarcadenoe.arielrodriguez.es\/index.php\/247-2\/#breadcrumb\",\"itemListElement\":[{\"@type\":\"ListItem\",\"position\":1,\"name\":\"Portada\",\"item\":\"https:\/\/veterinariaelarcadenoe.arielrodriguez.es\/\"},{\"@type\":\"ListItem\",\"position\":2,\"name\":\"Foto\"}]},{\"@type\":\"WebSite\",\"@id\":\"https:\/\/veterinariaelarcadenoe.arielrodriguez.es\/#website\",\"url\":\"https:\/\/veterinariaelarcadenoe.arielrodriguez.es\/\",\"name\":\"veterinaria el arca de noe\",\"description\":\"&quot;En &#039;El Arca de No\u00e9&#039;, nos dedicamos a cuidar y proteger a tus queridas mascotas. Ofrecemos consultas veterinarias expertas, vacunaci\u00f3n precisa y cirug\u00eda de calidad. Tu confianza y el bienestar de tus amigos peludos son nuestra prioridad. Juntos, aseguramos una vida larga y saludable para tus mascotas.&quot;\",\"publisher\":{\"@id\":\"https:\/\/veterinariaelarcadenoe.arielrodriguez.es\/#organization\"},\"potentialAction\":[{\"@type\":\"SearchAction\",\"target\":{\"@type\":\"EntryPoint\",\"urlTemplate\":\"https:\/\/veterinariaelarcadenoe.arielrodriguez.es\/?s={search_term_string}\"},\"query-input\":\"required name=search_term_string\"}],\"inLanguage\":\"es\"},{\"@type\":\"Organization\",\"@id\":\"https:\/\/veterinariaelarcadenoe.arielrodriguez.es\/#organization\",\"name\":\"veterinaria el arca de noe\",\"alternateName\":\"veterinaria el arca de noe\",\"url\":\"https:\/\/veterinariaelarcadenoe.arielrodriguez.es\/\",\"logo\":{\"@type\":\"ImageObject\",\"inLanguage\":\"es\",\"@id\":\"https:\/\/veterinariaelarcadenoe.arielrodriguez.es\/#\/schema\/logo\/image\/\",\"url\":\"https:\/\/veterinariaelarcadenoe.arielrodriguez.es\/wp-content\/uploads\/2023\/10\/cropped-header11-1.png\",\"contentUrl\":\"https:\/\/veterinariaelarcadenoe.arielrodriguez.es\/wp-content\/uploads\/2023\/10\/cropped-header11-1.png\",\"width\":512,\"height\":512,\"caption\":\"veterinaria el arca de noe\"},\"image\":{\"@id\":\"https:\/\/veterinariaelarcadenoe.arielrodriguez.es\/#\/schema\/logo\/image\/\"}}]}<\/script>\n<!-- \/ Yoast SEO plugin. -->","yoast_head_json":{"title":"Nuestra prioridad son tus amigos peludos","description":"Nos dedicamos a cuidar y proteger a tus queridas mascotas, la confianza y el bienestar de tus amigos peludos son nuestra prioridad","robots":{"index":"index","follow":"follow","max-snippet":"max-snippet:-1","max-image-preview":"max-image-preview:large","max-video-preview":"max-video-preview:-1"},"canonical":"https:\/\/veterinariaelarcadenoe.arielrodriguez.es\/index.php\/247-2\/","og_locale":"es_ES","og_type":"article","og_title":"Nuestra prioridad son tus amigos peludos","og_description":"Nos dedicamos a cuidar y proteger a tus queridas mascotas, la confianza y el bienestar de tus amigos peludos son nuestra prioridad","og_url":"https:\/\/veterinariaelarcadenoe.arielrodriguez.es\/index.php\/247-2\/","og_site_name":"veterinaria el arca de noe","article_modified_time":"2023-10-25T15:08:05+00:00","og_image":[{"width":512,"height":512,"url":"https:\/\/veterinariaelarcadenoe.arielrodriguez.es\/wp-content\/uploads\/2023\/10\/cropped-header11-1.png","type":"image\/png"}],"twitter_card":"summary_large_image","schema":{"@context":"https:\/\/schema.org","@graph":[{"@type":["WebPage","MedicalWebPage"],"@id":"https:\/\/veterinariaelarcadenoe.arielrodriguez.es\/index.php\/247-2\/","url":"https:\/\/veterinariaelarcadenoe.arielrodriguez.es\/index.php\/247-2\/","name":"Nuestra prioridad son tus amigos peludos","isPartOf":{"@id":"https:\/\/veterinariaelarcadenoe.arielrodriguez.es\/#website"},"datePublished":"2023-10-25T14:59:57+00:00","dateModified":"2023-10-25T15:08:05+00:00","description":"Nos dedicamos a cuidar y proteger a tus queridas mascotas, la confianza y el bienestar de tus amigos peludos son nuestra prioridad","breadcrumb":{"@id":"https:\/\/veterinariaelarcadenoe.arielrodriguez.es\/index.php\/247-2\/#breadcrumb"},"inLanguage":"es","potentialAction":[{"@type":"ReadAction","target":["https:\/\/veterinariaelarcadenoe.arielrodriguez.es\/index.php\/247-2\/"]}]},{"@type":"BreadcrumbList","@id":"https:\/\/veterinariaelarcadenoe.arielrodriguez.es\/index.php\/247-2\/#breadcrumb","itemListElement":[{"@type":"ListItem","position":1,"name":"Portada","item":"https:\/\/veterinariaelarcadenoe.arielrodriguez.es\/"},{"@type":"ListItem","position":2,"name":"Foto"}]},{"@type":"WebSite","@id":"https:\/\/veterinariaelarcadenoe.arielrodriguez.es\/#website","url":"https:\/\/veterinariaelarcadenoe.arielrodriguez.es\/","name":"veterinaria el arca de noe","description":"&quot;En &#039;El Arca de No\u00e9&#039;, nos dedicamos a cuidar y proteger a tus queridas mascotas. Ofrecemos consultas veterinarias expertas, vacunaci\u00f3n precisa y cirug\u00eda de calidad. Tu confianza y el bienestar de tus amigos peludos son nuestra prioridad. Juntos, aseguramos una vida larga y saludable para tus mascotas.&quot;","publisher":{"@id":"https:\/\/veterinariaelarcadenoe.arielrodriguez.es\/#organization"},"potentialAction":[{"@type":"SearchAction","target":{"@type":"EntryPoint","urlTemplate":"https:\/\/veterinariaelarcadenoe.arielrodriguez.es\/?s={search_term_string}"},"query-input":"required name=search_term_string"}],"inLanguage":"es"},{"@type":"Organization","@id":"https:\/\/veterinariaelarcadenoe.arielrodriguez.es\/#organization","name":"veterinaria el arca de noe","alternateName":"veterinaria el arca de noe","url":"https:\/\/veterinariaelarcadenoe.arielrodriguez.es\/","logo":{"@type":"ImageObject","inLanguage":"es","@id":"https:\/\/veterinariaelarcadenoe.arielrodriguez.es\/#\/schema\/logo\/image\/","url":"https:\/\/veterinariaelarcadenoe.arielrodriguez.es\/wp-content\/uploads\/2023\/10\/cropped-header11-1.png","contentUrl":"https:\/\/veterinariaelarcadenoe.arielrodriguez.es\/wp-content\/uploads\/2023\/10\/cropped-header11-1.png","width":512,"height":512,"caption":"veterinaria el arca de noe"},"image":{"@id":"https:\/\/veterinariaelarcadenoe.arielrodriguez.es\/#\/schema\/logo\/image\/"}}]}},"_links":{"self":[{"href":"https:\/\/veterinariaelarcadenoe.arielrodriguez.es\/index.php\/wp-json\/wp\/v2\/pages\/247"}],"collection":[{"href":"https:\/\/veterinariaelarcadenoe.arielrodriguez.es\/index.php\/wp-json\/wp\/v2\/pages"}],"about":[{"href":"https:\/\/veterinariaelarcadenoe.arielrodriguez.es\/index.php\/wp-json\/wp\/v2\/types\/page"}],"author":[{"embeddable":true,"href":"https:\/\/veterinariaelarcadenoe.arielrodriguez.es\/index.php\/wp-json\/wp\/v2\/users\/1"}],"replies":[{"embeddable":true,"href":"https:\/\/veterinariaelarcadenoe.arielrodriguez.es\/index.php\/wp-json\/wp\/v2\/comments?post=247"}],"version-history":[{"count":4,"href":"https:\/\/veterinariaelarcadenoe.arielrodriguez.es\/index.php\/wp-json\/wp\/v2\/pages\/247\/revisions"}],"predecessor-version":[{"id":251,"href":"https:\/\/veterinariaelarcadenoe.arielrodriguez.es\/index.php\/wp-json\/wp\/v2\/pages\/247\/revisions\/251"}],"wp:attachment":[{"href":"https:\/\/veterinariaelarcadenoe.arielrodriguez.es\/index.php\/wp-json\/wp\/v2\/media?parent=247"}],"curies":[{"name":"wp","href":"https:\/\/api.w.org\/{rel}","templated":true}]}}